{"id":1719,"date":"2024-01-14T20:43:36","date_gmt":"2024-01-14T20:43:36","guid":{"rendered":"http:\/\/floens-demo-new.local\/?page_id=1719"},"modified":"2024-11-26T01:12:41","modified_gmt":"2024-11-26T00:12:41","slug":"news-carousel-01","status":"publish","type":"page","link":"https:\/\/j-artcarrelage.com\/?page_id=1719","title":{"rendered":"Actualit\u00e9s"},"content":{"rendered":"\t\t<div data-elementor-type=\"wp-page\" data-elementor-id=\"1719\" class=\"elementor elementor-1719\">\n\t\t\t\t<div class=\"elementor-element elementor-element-41f44455 e-con-full e-flex e-con e-parent\" data-id=\"41f44455\" data-element_type=\"container\" data-e-type=\"container\">\n\t\t\t\t<div class=\"elementor-element elementor-element-34b3c55a elementor-widget elementor-widget-floens-blog\" data-id=\"34b3c55a\" data-element_type=\"widget\" data-e-type=\"widget\" data-widget_type=\"floens-blog.default\">\n\t\t\t\t<div class=\"elementor-widget-container\">\n\t\t\t\t\t\r\n    <!--BLog Four Start-->\r\n    <section class=\"blog-page section-space\">\r\n        <div class=\"container\">\r\n            <div class=\"blog-page__carousel floens-owl__carousel floens-owl__carousel--basic-nav owl-carousel owl-theme\" data-owl-options='{&quot;loop&quot;:true,&quot;margin&quot;:0,&quot;items&quot;:1,&quot;nav&quot;:true,&quot;dots&quot;:true,&quot;smartSpeed&quot;:700,&quot;autoplay&quot;:true,&quot;autoplayTimeout&quot;:5000,&quot;animateOut&quot;:&quot;&quot;,&quot;animateIn&quot;:&quot;&quot;,&quot;autoplayHoverPause&quot;:true,&quot;navText&quot;:[&quot;&lt;span class=\\&quot; fa fa-angle-left \\&quot;&gt;&lt;\\\/span&gt;&quot;,&quot;&lt;span class=\\&quot; fa fa-angle-right \\&quot;&gt;&lt;\\\/span&gt;&quot;],&quot;responsive&quot;:{&quot;0&quot;:{&quot;margin&quot;:10,&quot;items&quot;:1},&quot;768&quot;:{&quot;margin&quot;:30,&quot;items&quot;:2},&quot;992&quot;:{&quot;margin&quot;:30,&quot;items&quot;:3}}}'>\r\n                                    <div class=\"item\">\r\n                        <div class=\"blog-card wow fadeInUp\" data-wow-duration='1500ms' data-wow-delay='000ms'>\r\n                            <div class=\"blog-card__image\">\r\n                                <img fetchpriority=\"high\" decoding=\"async\" width=\"310\" height=\"213\" src=\"https:\/\/j-artcarrelage.com\/wp-content\/uploads\/2024\/10\/carrelages-ceramiques-310x213.jpg\" class=\"attachment-floens_blog_310X213 size-floens_blog_310X213 wp-post-image\" alt=\"\" \/>                                <a href=\"https:\/\/j-artcarrelage.com\/?p=1\" class=\"blog-card__image__link\">\r\n                                    <span class=\"sr-only\">Bien Choisir son Carrelage : Conseils d\u2019Experts<\/span>\r\n                                    <!-- \/.sr-only -->\r\n                                <\/a>\r\n                            <\/div><!-- \/.blog-card__image -->\r\n                            <div class=\"blog-card__date\">\r\n                                <span class=\"blog-card__date__day\">26<\/span>\r\n                                <span class=\"blog-card__date__month\">Oct<\/span>\r\n                            <\/div><!-- \/.blog-card__date -->\r\n                            <div class=\"blog-card__content\">\r\n                                <h3 class=\"blog-card__title\"><a href=\"https:\/\/j-artcarrelage.com\/?p=1\">Bien Choisir son Carrelage : Conseils<\/a><\/h3><!-- \/.blog-card__title -->\r\n                                <p class=\"blog-card__text\">Le carrelage est l\u2019un des rev\u00eatements pr\u00e9f\u00e9r\u00e9s pour sa durabilit\u00e9, sa facilit\u00e9 d\u2019entretien et son<\/p><!-- \/.blog-card__text -->\r\n                            <\/div><!-- \/.blog-card__content -->\r\n                            <ul class=\"list-unstyled blog-card__meta\">\r\n                                <li><span class=\"byline\"><i class=\"fas fa-user-circle\"><\/i> <span class=\"author vcard\"><a class=\"url fn n\" href=\"https:\/\/j-artcarrelage.com\/?author=1\">by Kindsupport<\/a><\/span><\/span><\/li>\r\n                                                            <\/ul><!-- \/.list-unstyled blog-card__meta -->\r\n                        <\/div><!-- \/.blog-card -->\r\n                    <\/div><!-- \/.item -->\r\n                                    <div class=\"item\">\r\n                        <div class=\"blog-card wow fadeInUp\" data-wow-duration='1500ms' data-wow-delay='000ms'>\r\n                            <div class=\"blog-card__image\">\r\n                                <img decoding=\"async\" width=\"310\" height=\"213\" src=\"https:\/\/j-artcarrelage.com\/wp-content\/uploads\/2024\/01\/blog-1-310x213.jpg\" class=\"attachment-floens_blog_310X213 size-floens_blog_310X213 wp-post-image\" alt=\"\" \/>                                <a href=\"https:\/\/j-artcarrelage.com\/?p=31\" class=\"blog-card__image__link\">\r\n                                    <span class=\"sr-only\">Les Erreurs \u00e0 \u00c9viter en Posant de la Fa\u00efence<\/span>\r\n                                    <!-- \/.sr-only -->\r\n                                <\/a>\r\n                            <\/div><!-- \/.blog-card__image -->\r\n                            <div class=\"blog-card__date\">\r\n                                <span class=\"blog-card__date__day\">09<\/span>\r\n                                <span class=\"blog-card__date__month\">Jan<\/span>\r\n                            <\/div><!-- \/.blog-card__date -->\r\n                            <div class=\"blog-card__content\">\r\n                                <h3 class=\"blog-card__title\"><a href=\"https:\/\/j-artcarrelage.com\/?p=31\">Les Erreurs \u00e0 \u00c9viter en Posant<\/a><\/h3><!-- \/.blog-card__title -->\r\n                                <p class=\"blog-card__text\">La pose de fa\u00efence peut transformer une pi\u00e8ce en un espace \u00e9l\u00e9gant et pratique, que<\/p><!-- \/.blog-card__text -->\r\n                            <\/div><!-- \/.blog-card__content -->\r\n                            <ul class=\"list-unstyled blog-card__meta\">\r\n                                <li><span class=\"byline\"><i class=\"fas fa-user-circle\"><\/i> <span class=\"author vcard\"><a class=\"url fn n\" href=\"https:\/\/j-artcarrelage.com\/?author=1\">by Kindsupport<\/a><\/span><\/span><\/li>\r\n                                                            <\/ul><!-- \/.list-unstyled blog-card__meta -->\r\n                        <\/div><!-- \/.blog-card -->\r\n                    <\/div><!-- \/.item -->\r\n                                    <div class=\"item\">\r\n                        <div class=\"blog-card wow fadeInUp\" data-wow-duration='1500ms' data-wow-delay='000ms'>\r\n                            <div class=\"blog-card__image\">\r\n                                <img decoding=\"async\" width=\"310\" height=\"213\" src=\"https:\/\/j-artcarrelage.com\/wp-content\/uploads\/2024\/01\/blog-2-310x213.jpg\" class=\"attachment-floens_blog_310X213 size-floens_blog_310X213 wp-post-image\" alt=\"\" \/>                                <a href=\"https:\/\/j-artcarrelage.com\/?p=30\" class=\"blog-card__image__link\">\r\n                                    <span class=\"sr-only\">Entretien Facile : Gardez votre Carrelage comme Neuf<\/span>\r\n                                    <!-- \/.sr-only -->\r\n                                <\/a>\r\n                            <\/div><!-- \/.blog-card__image -->\r\n                            <div class=\"blog-card__date\">\r\n                                <span class=\"blog-card__date__day\">09<\/span>\r\n                                <span class=\"blog-card__date__month\">Jan<\/span>\r\n                            <\/div><!-- \/.blog-card__date -->\r\n                            <div class=\"blog-card__content\">\r\n                                <h3 class=\"blog-card__title\"><a href=\"https:\/\/j-artcarrelage.com\/?p=30\">Entretien Facile : Gardez votre Carrelage<\/a><\/h3><!-- \/.blog-card__title -->\r\n                                <p class=\"blog-card__text\">Le carrelage est un rev\u00eatement pris\u00e9 pour sa r\u00e9sistance et son esth\u00e9tisme, mais pour le<\/p><!-- \/.blog-card__text -->\r\n                            <\/div><!-- \/.blog-card__content -->\r\n                            <ul class=\"list-unstyled blog-card__meta\">\r\n                                <li><span class=\"byline\"><i class=\"fas fa-user-circle\"><\/i> <span class=\"author vcard\"><a class=\"url fn n\" href=\"https:\/\/j-artcarrelage.com\/?author=1\">by Kindsupport<\/a><\/span><\/span><\/li>\r\n                                                            <\/ul><!-- \/.list-unstyled blog-card__meta -->\r\n                        <\/div><!-- \/.blog-card -->\r\n                    <\/div><!-- \/.item -->\r\n                            <\/div><!-- \/.blog-page__carousel -->\r\n        <\/div><!-- \/.container -->\r\n    <\/section><!-- \/.blog-page section-space -->\r\n    <!--BLog Five End-->\r\n\t\t\t\t<\/div>\n\t\t\t\t<\/div>\n\t\t\t\t<\/div>\n\t\t\t\t<\/div>\n\t\t","protected":false},"excerpt":{"rendered":"<p>Bien Choisir son Carrelage : Conseils d\u2019Experts 26 Oct Bien Choisir son Carrelage : Conseils Le carrelage est l\u2019un des rev\u00eatements pr\u00e9f\u00e9r\u00e9s pour sa durabilit\u00e9, sa facilit\u00e9 d\u2019entretien et son by Kindsupport Les Erreurs \u00e0 \u00c9viter en Posant de la Fa\u00efence 09 Jan Les Erreurs \u00e0 \u00c9viter en Posant La pose de fa\u00efence peut transformer [&hellip;]<\/p>\n","protected":false},"author":1,"featured_media":0,"parent":0,"menu_order":0,"comment_status":"closed","ping_status":"closed","template":"elementor_header_footer","meta":{"footnotes":""},"class_list":["post-1719","page","type-page","status-publish","hentry"],"_links":{"self":[{"href":"https:\/\/j-artcarrelage.com\/index.php?rest_route=\/wp\/v2\/pages\/1719","targetHints":{"allow":["GET"]}}],"collection":[{"href":"https:\/\/j-artcarrelage.com\/index.php?rest_route=\/wp\/v2\/pages"}],"about":[{"href":"https:\/\/j-artcarrelage.com\/index.php?rest_route=\/wp\/v2\/types\/page"}],"author":[{"embeddable":true,"href":"https:\/\/j-artcarrelage.com\/index.php?rest_route=\/wp\/v2\/users\/1"}],"replies":[{"embeddable":true,"href":"https:\/\/j-artcarrelage.com\/index.php?rest_route=%2Fwp%2Fv2%2Fcomments&post=1719"}],"version-history":[{"count":3,"href":"https:\/\/j-artcarrelage.com\/index.php?rest_route=\/wp\/v2\/pages\/1719\/revisions"}],"predecessor-version":[{"id":2815,"href":"https:\/\/j-artcarrelage.com\/index.php?rest_route=\/wp\/v2\/pages\/1719\/revisions\/2815"}],"wp:attachment":[{"href":"https:\/\/j-artcarrelage.com\/index.php?rest_route=%2Fwp%2Fv2%2Fmedia&parent=1719"}],"curies":[{"name":"wp","href":"https:\/\/api.w.org\/{rel}","templated":true}]}}