{"id":271,"date":"2024-01-11T06:45:20","date_gmt":"2024-01-11T06:45:20","guid":{"rendered":"http:\/\/floens-demo-new.local\/?page_id=271"},"modified":"2024-11-02T22:57:11","modified_gmt":"2024-11-02T21:57:11","slug":"industrial-flooring","status":"publish","type":"page","link":"https:\/\/j-artcarrelage.com\/?page_id=271","title":{"rendered":"R\u00e9novation de salle de bain"},"content":{"rendered":"\t\t<div data-elementor-type=\"wp-page\" data-elementor-id=\"271\" class=\"elementor elementor-271\">\n\t\t\t\t<div class=\"elementor-element elementor-element-2dcc391 service-details e-flex e-con-boxed e-con e-parent\" data-id=\"2dcc391\" data-element_type=\"container\" data-e-type=\"container\">\n\t\t\t\t\t<div class=\"e-con-inner\">\n\t\t<div class=\"elementor-element elementor-element-c41c968 e-con-full e-flex e-con e-child\" data-id=\"c41c968\" data-element_type=\"container\" data-e-type=\"container\">\n\t\t\t\t<div class=\"elementor-element elementor-element-5da84bc elementor-widget elementor-widget-sidebar-nav\" data-id=\"5da84bc\" data-element_type=\"widget\" data-e-type=\"widget\" data-widget_type=\"sidebar-nav.default\">\n\t\t\t\t<div class=\"elementor-widget-container\">\n\t\t\t\t\t\r\n    <div class=\"service-sidebar__info service-sidebar__single\">\r\n                    <ul id=\"menu-service-menu\" class=\"list-unstyled service-sidebar__nav wow fadeInLeft ml-0\"><li id=\"menu-item-2305\" class=\"menu-item menu-item-type-post_type menu-item-object-page menu-item-2305\"><a href=\"https:\/\/j-artcarrelage.com\/?page_id=280\">Pose de carrelage<\/a><\/li>\n<li id=\"menu-item-2304\" class=\"menu-item menu-item-type-post_type menu-item-object-page menu-item-2304\"><a href=\"https:\/\/j-artcarrelage.com\/?page_id=274\">Pose de fa\u00efence<\/a><\/li>\n<li id=\"menu-item-1814\" class=\"menu-item menu-item-type-post_type menu-item-object-page menu-item-1814\"><a href=\"https:\/\/j-artcarrelage.com\/?page_id=271\">R\u00e9novation de salle de bain<\/a><\/li>\n<li id=\"menu-item-1816\" class=\"menu-item menu-item-type-post_type menu-item-object-page menu-item-1816\"><a href=\"https:\/\/j-artcarrelage.com\/?page_id=283\">R\u00e9paration et entretien de carrelage<\/a><\/li>\n<li id=\"menu-item-1815\" class=\"menu-item menu-item-type-post_type menu-item-object-page menu-item-1815\"><a href=\"https:\/\/j-artcarrelage.com\/?page_id=273\">Conseils en choix de mat\u00e9riaux<\/a><\/li>\n<\/ul>                <div class=\"service-sidebar__contact wow fadeInLeft\" data-wow-duration=\"1500ms\" data-wow-delay=\"100ms\" style=\"background-image: url(https:\/\/bracketweb.com\/floenswp\/wp-content\/uploads\/2024\/01\/service-sidebar-contact-bg-1.jpg);\">\r\n            <div class=\"service-sidebar__contact__bg\">\r\n                <div class=\"service-sidebar__contact__bg__inner\" style=\"background-image: url(https:\/\/bracketweb.com\/floenswp\/wp-content\/uploads\/2024\/01\/service-sidebar-contact-bg-2.png);\"><\/div><!-- \/.service-sidebar__contact__bg__inner -->\r\n            <\/div><!-- \/.service-sidebar__contact__bg -->\r\n            <div class=\"service-sidebar__contact__inner\">\r\n                <div class=\"service-sidebar__contact__icon\">\r\n                    <span aria-hidden=\"true\" class=\"icon-phone-call\"><\/span>                <\/div><!-- \/.service-sidebar__contact__icon -->\r\n                <div class=\"service-sidebar__contact__content\">\r\n                    <h4 class=\"service-sidebar__contact__time\">LUN-VEN 8:00-19:00<\/h4><h4 class=\"service-sidebar__contact__number\"><a href=\"tel:+0768726945\">0768726945 <\/a><\/h4>                <\/div><!-- \/.service-sidebar__contact__content -->\r\n            <\/div><!-- \/.service-sidebar__contact__inner -->\r\n        <\/div><!-- \/.service-sidebar__contact -->\r\n    <\/div><!-- \/.service-sidebar__info service-sidebar__single -->\r\n\t\t\t\t<\/div>\n\t\t\t\t<\/div>\n\t\t\t\t<\/div>\n\t\t<div class=\"elementor-element elementor-element-2eb2598 e-con-full e-flex e-con e-child\" data-id=\"2eb2598\" data-element_type=\"container\" data-e-type=\"container\">\n\t\t\t\t<div class=\"elementor-element elementor-element-a5bfbfb elementor-widget elementor-widget-image\" data-id=\"a5bfbfb\" data-element_type=\"widget\" data-e-type=\"widget\" data-widget_type=\"image.default\">\n\t\t\t\t<div class=\"elementor-widget-container\">\n\t\t\t\t\t\t\t\t\t\t\t\t\t\t\t<img fetchpriority=\"high\" decoding=\"async\" width=\"730\" height=\"360\" src=\"https:\/\/j-artcarrelage.com\/wp-content\/uploads\/2024\/01\/laying-floor-ceramic-tile-renovating-floor-copy.jpg\" class=\"attachment-full size-full wp-image-2146\" alt=\"\" srcset=\"https:\/\/j-artcarrelage.com\/wp-content\/uploads\/2024\/01\/laying-floor-ceramic-tile-renovating-floor-copy.jpg 730w, https:\/\/j-artcarrelage.com\/wp-content\/uploads\/2024\/01\/laying-floor-ceramic-tile-renovating-floor-copy-570x281.jpg 570w, https:\/\/j-artcarrelage.com\/wp-content\/uploads\/2024\/01\/laying-floor-ceramic-tile-renovating-floor-copy-300x148.jpg 300w\" sizes=\"(max-width: 730px) 100vw, 730px\" \/>\t\t\t\t\t\t\t\t\t\t\t\t\t\t\t<\/div>\n\t\t\t\t<\/div>\n\t\t\t\t<div class=\"elementor-element elementor-element-cc8d109 elementor-widget elementor-widget-heading\" data-id=\"cc8d109\" data-element_type=\"widget\" data-e-type=\"widget\" data-widget_type=\"heading.default\">\n\t\t\t\t<div class=\"elementor-widget-container\">\n\t\t\t\t\t<h3 class=\"elementor-heading-title elementor-size-default\">R\u00e9novation de Salle de Bain : Transformez Votre Espace en un Havre de Bien-\u00eatre<\/h3>\t\t\t\t<\/div>\n\t\t\t\t<\/div>\n\t\t\t\t<div class=\"elementor-element elementor-element-a218f2b elementor-widget elementor-widget-text-editor\" data-id=\"a218f2b\" data-element_type=\"widget\" data-e-type=\"widget\" data-widget_type=\"text-editor.default\">\n\t\t\t\t<div class=\"elementor-widget-container\">\n\t\t\t\t\t\t\t\t\t<p>Votre salle de bain m\u00e9rite d\u2019\u00eatre un lieu de d\u00e9tente et de confort, \u00e0 l\u2019image de vos go\u00fbts et de votre style de vie. Que vous souhaitiez une r\u00e9novation compl\u00e8te ou une simple modernisation, notre \u00e9quipe est l\u00e0 pour concr\u00e9tiser vos id\u00e9es. Gr\u00e2ce \u00e0 notre savoir-faire et \u00e0 notre exp\u00e9rience, nous cr\u00e9ons des espaces uniques, \u00e0 la fois pratiques et \u00e9l\u00e9gants, adapt\u00e9s \u00e0 vos besoins.<\/p>\t\t\t\t\t\t\t\t<\/div>\n\t\t\t\t<\/div>\n\t\t\t\t<div class=\"elementor-element elementor-element-900bbda elementor-widget elementor-widget-heading\" data-id=\"900bbda\" data-element_type=\"widget\" data-e-type=\"widget\" data-widget_type=\"heading.default\">\n\t\t\t\t<div class=\"elementor-widget-container\">\n\t\t\t\t\t<h3 class=\"elementor-heading-title elementor-size-default\">Pourquoi Choisir Notre Service de r\u00e9novation de salle de bain<\/h3>\t\t\t\t<\/div>\n\t\t\t\t<\/div>\n\t\t\t\t<div class=\"elementor-element elementor-element-42c94d1 elementor-widget elementor-widget-text-editor\" data-id=\"42c94d1\" data-element_type=\"widget\" data-e-type=\"widget\" data-widget_type=\"text-editor.default\">\n\t\t\t\t<div class=\"elementor-widget-container\">\n\t\t\t\t\t\t\t\t\t<p>Chaque projet de r\u00e9novation de salle de bain commence par une \u00e9coute attentive de vos envies et une \u00e9tude approfondie de votre espace. De la s\u00e9lection des mat\u00e9riaux \u00e0 la pose des \u00e9quipements, nous vous accompagnons \u00e0 chaque \u00e9tape pour vous offrir une salle de bain qui r\u00e9pond \u00e0 vos attentes et \u00e0 votre budget. Nous vous conseillons sur les meilleures solutions pour optimiser l\u2019espace, le rangement et l\u2019\u00e9clairage, tout en garantissant un am\u00e9nagement harmonieux.<\/p>\t\t\t\t\t\t\t\t<\/div>\n\t\t\t\t<\/div>\n\t\t\t\t<div class=\"elementor-element elementor-element-622b0e7 elementor-widget elementor-widget-floens-service-details\" data-id=\"622b0e7\" data-element_type=\"widget\" data-e-type=\"widget\" data-widget_type=\"floens-service-details.default\">\n\t\t\t\t<div class=\"elementor-widget-container\">\n\t\t\t\t\t\t<div class=\"service-details__info wow fadeInUp\" data-wow-duration=\"1500ms\" data-wow-delay=\"00ms\">\r\n\t\t<ul class=\"list-unstyled service-details__list ml-0\">\r\n\t\t\t\t\t\t\t<li>\r\n\t\t\t\t\t<span aria-hidden=\"true\" class=\"icon-check\"><\/span>\t\t\t\t\tUn Accompagnement de A \u00e0 Z\t\t\t\t<\/li>\r\n\t\t\t\t\t\t\t<li>\r\n\t\t\t\t\t<span aria-hidden=\"true\" class=\"icon-check\"><\/span>\t\t\t\t\tDes Solutions Personnalis\u00e9es\t\t\t\t<\/li>\r\n\t\t\t\t\t\t\t<li>\r\n\t\t\t\t\t<span aria-hidden=\"true\" class=\"icon-check\"><\/span>\t\t\t\t\tDes Services Complets \t\t\t\t<\/li>\r\n\t\t\t\t\t\t\t<li>\r\n\t\t\t\t\t<span aria-hidden=\"true\" class=\"icon-check\"><\/span>\t\t\t\t\tUne Qualit\u00e9 de R\u00e9alisation\t\t\t\t<\/li>\r\n\t\t\t\t\t<\/ul><!-- \/.list-unstyled team-details__list -->\r\n\t\t<img decoding=\"async\" src=\"https:\/\/j-artcarrelage.com\/wp-content\/uploads\/2024\/01\/service-d-list-1.jpg\" alt=\"service-d-list-1\" title=\"service-d-list-1\" class=\"service-details__info__image\" >\t<\/div><!-- \/.service-details__info -->\r\n\t\t\t\t<\/div>\n\t\t\t\t<\/div>\n\t\t\t\t<div class=\"elementor-element elementor-element-65c7101 elementor-widget elementor-widget-text-editor\" data-id=\"65c7101\" data-element_type=\"widget\" data-e-type=\"widget\" data-widget_type=\"text-editor.default\">\n\t\t\t\t<div class=\"elementor-widget-container\">\n\t\t\t\t\t\t\t\t\t<p>Faites confiance \u00e0 notre expertise pour transformer votre salle de bain en un espace moderne et fonctionnel. Contactez-nous d\u00e8s aujourd\u2019hui pour discuter de vos id\u00e9es et obtenir un devis personnalis\u00e9. Que votre projet soit ambitieux ou simple, nous vous offrons des solutions adapt\u00e9es pour que votre salle de bain devienne un v\u00e9ritable espace de bien-\u00eatre, pens\u00e9 pour vous et vos proches.<\/p>\t\t\t\t\t\t\t\t<\/div>\n\t\t\t\t<\/div>\n\t\t\t\t<\/div>\n\t\t\t\t\t<\/div>\n\t\t\t\t<\/div>\n\t\t<div class=\"elementor-element elementor-element-1f5cc47 e-con-full e-flex e-con e-parent\" data-id=\"1f5cc47\" data-element_type=\"container\" data-e-type=\"container\">\n\t\t<div class=\"elementor-element elementor-element-7f0b192 e-con-full e-flex e-con e-child\" data-id=\"7f0b192\" data-element_type=\"container\" data-e-type=\"container\">\n\t\t\t\t<div class=\"elementor-element elementor-element-c0bfe14 elementor-widget elementor-widget-floens-contact-form\" data-id=\"c0bfe14\" data-element_type=\"widget\" data-e-type=\"widget\" data-widget_type=\"floens-contact-form.default\">\n\t\t\t\t<div class=\"elementor-widget-container\">\n\t\t\t\t\t\t<!-- contact end -->\r\n\t<section class=\"contact-one section-space\">\r\n\t\t<div class=\"contact-one__bg\" style=\"background-image: url(https:\/\/bracketweb.com\/floenswp\/wp-content\/uploads\/2024\/01\/contact-bg-1.png);\"><\/div><!-- \/.contact-one__bg -->\r\n\t\t<div class=\"container\">\r\n\t\t\t<div class=\"row gutter-y-40\">\r\n\t\t\t\t<div class=\"col-lg-6\">\r\n\t\t\t\t\t<div class=\"contact-one__content\">\r\n\t\t\t\t\t\t<div class=\"sec-title sec-title--border\">\r\n\t\t\t\t\t\t\t<h6 class=\"sec-title__tagline\">contact<\/h6><h3 class=\"sec-title__title\">Contactez-nous <\/h3>\t\t\t\t\t\t<\/div><!-- \/.sec-title -->\r\n\t\t\t\t\t\t<p class=\"contact-one__text\">Besoin d\u2019informations ou d\u2019un devis personnalis\u00e9 ? Remplissez le formulaire ci-dessous, et notre \u00e9quipe vous r\u00e9pondra dans les plus brefs d\u00e9lais !<\/p>\t\t\t\t\t\t<div class=\"contact-one__info wow fadeInUp\" data-wow-duration=\"1500ms\" data-wow-delay=\"00ms\">\r\n\t\t\t\t\t\t\t<div class=\"contact-one__info__bg\" style=\"background-image: url(https:\/\/bracketweb.com\/floenswp\/wp-content\/uploads\/2024\/01\/contact-info-bg.png);\"><\/div><!-- \/.contact-one__info__bg -->\r\n\t\t\t\t\t\t\t<div class=\"contact-one__info__content\">\r\n\t\t\t\t\t\t\t\t\t\t\t\t\t\t\t\t\t<div class=\"contact-one__info__item\">\r\n\t\t\t\t\t\t\t\t\t\t<div class=\"contact-one__info__item__inner\">\r\n\t\t\t\t\t\t\t\t\t\t\t<div class=\"contact-one__info__icon\">\r\n\t\t\t\t\t\t\t\t\t\t\t\t<span aria-hidden=\"true\" class=\"  icon-phone-call\"><\/span>\t\t\t\t\t\t\t\t\t\t\t<\/div><!-- \/.contact-one__info__icon -->\r\n\t\t\t\t\t\t\t\t\t\t\t<p class=\"contact-one__info__text\">\r\n\t\t\t\t\t\t\t\t\t\t\t\t<a href=\"tel:0768726945\">0768726945 <\/a>\t\t\t\t\t\t\t\t\t\t\t<\/p><!-- \/.contact-one__info__text -->\r\n\t\t\t\t\t\t\t\t\t\t<\/div><!-- \/.contact-one__info__item__inner -->\r\n\t\t\t\t\t\t\t\t\t<\/div><!-- \/.contact-one__info__item -->\r\n\t\t\t\t\t\t\t\t\t\t\t\t\t\t\t\t\t<div class=\"contact-one__info__item\">\r\n\t\t\t\t\t\t\t\t\t\t<div class=\"contact-one__info__item__inner\">\r\n\t\t\t\t\t\t\t\t\t\t\t<div class=\"contact-one__info__icon\">\r\n\t\t\t\t\t\t\t\t\t\t\t\t<span aria-hidden=\"true\" class=\"   icon-paper-plane\"><\/span>\t\t\t\t\t\t\t\t\t\t\t<\/div><!-- \/.contact-one__info__icon -->\r\n\t\t\t\t\t\t\t\t\t\t\t<p class=\"contact-one__info__text\">\r\n\t\t\t\t\t\t\t\t\t\t\t\t<a href=\"mailto:contact@j-artcarrelage.com\">contact@j-artcarrelage.com<\/a>\t\t\t\t\t\t\t\t\t\t\t<\/p><!-- \/.contact-one__info__text -->\r\n\t\t\t\t\t\t\t\t\t\t<\/div><!-- \/.contact-one__info__item__inner -->\r\n\t\t\t\t\t\t\t\t\t<\/div><!-- \/.contact-one__info__item -->\r\n\t\t\t\t\t\t\t\t\t\t\t\t\t\t\t\t\t<div class=\"contact-one__info__item\">\r\n\t\t\t\t\t\t\t\t\t\t<div class=\"contact-one__info__item__inner\">\r\n\t\t\t\t\t\t\t\t\t\t\t<div class=\"contact-one__info__icon\">\r\n\t\t\t\t\t\t\t\t\t\t\t\t<span aria-hidden=\"true\" class=\"   icon-location\"><\/span>\t\t\t\t\t\t\t\t\t\t\t<\/div><!-- \/.contact-one__info__icon -->\r\n\t\t\t\t\t\t\t\t\t\t\t<p class=\"contact-one__info__text\">\r\n\t\t\t\t\t\t\t\t\t\t\t\t<a href=\"https:\/\/www.google.com\/maps\/@23.506657,90.3443647,7z?entry=ttu\">8 rue auguste isaac 69200 V\u00e9nissieux<\/a>\t\t\t\t\t\t\t\t\t\t\t<\/p><!-- \/.contact-one__info__text -->\r\n\t\t\t\t\t\t\t\t\t\t<\/div><!-- \/.contact-one__info__item__inner -->\r\n\t\t\t\t\t\t\t\t\t<\/div><!-- \/.contact-one__info__item -->\r\n\t\t\t\t\t\t\t\t\t\t\t\t\t\t\t<\/div><!-- \/.contact-one__info__content -->\r\n\t\t\t\t\t\t\t<img decoding=\"async\" src=\"https:\/\/j-artcarrelage.com\/wp-content\/uploads\/2024\/01\/contact-shape-1-1.png\" alt=\"contact-shape-1-1\" title=\"contact-shape-1-1\" class=\"contact-one__info__image\" >\t\t\t\t\t\t<\/div><!-- \/.contact-one__info -->\r\n\t\t\t\t\t<\/div><!-- \/.contact-one__content -->\r\n\t\t\t\t<\/div><!-- \/.col-xl-6 -->\r\n\t\t\t\t<div class=\"col-lg-6\">\r\n\t\t\t\t\t<div class=\"contact-one__form contact-form-validated form-one wow fadeInUp\" data-wow-duration=\"1500ms\" data-wow-delay=\"200ms\">\r\n\t\t\t\t\t\t<div class=\"contact-one__form__bg\" style=\"background-image: url();\"><\/div><!-- \/.contact-one__form__bg -->\r\n\t\t\t\t\t\t<div class=\"contact-one__form__top\">\r\n\t\t\t\t\t\t\t<h2 class=\"contact-one__form__title\">Vous souhaitez \u00eatre recontact\u00e9 rapidement ?<\/h2>\t\t\t\t\t\t<\/div><!-- \/.contact-one__form__top -->\r\n\t\t\t\t\t\t<div class=\"wpcf7 no-js\" id=\"wpcf7-f46-o1\" lang=\"en-US\" dir=\"ltr\" data-wpcf7-id=\"46\">\n<div class=\"screen-reader-response\"><p role=\"status\" aria-live=\"polite\" aria-atomic=\"true\"><\/p> <ul><\/ul><\/div>\n<form action=\"\/index.php?rest_route=%2Fwp%2Fv2%2Fpages%2F271#wpcf7-f46-o1\" method=\"post\" class=\"wpcf7-form init\" aria-label=\"Contact form\" novalidate=\"novalidate\" data-status=\"init\">\n<fieldset class=\"hidden-fields-container\"><input type=\"hidden\" name=\"_wpcf7\" value=\"46\" \/><input type=\"hidden\" name=\"_wpcf7_version\" value=\"6.1.5\" \/><input type=\"hidden\" name=\"_wpcf7_locale\" value=\"en_US\" \/><input type=\"hidden\" name=\"_wpcf7_unit_tag\" value=\"wpcf7-f46-o1\" \/><input type=\"hidden\" name=\"_wpcf7_container_post\" value=\"0\" \/><input type=\"hidden\" name=\"_wpcf7_posted_data_hash\" value=\"\" \/>\n<\/fieldset>\n<div class=\"form-one__group form-one__group--grid\">\n    <div class=\"form-one__control form-one__control--input form-one__control--full\">\n<span class=\"wpcf7-form-control-wrap\" data-name=\"text-231\"><input size=\"40\" maxlength=\"400\" class=\"wpcf7-form-control wpcf7-text wpcf7-validates-as-required\" aria-required=\"true\" aria-invalid=\"false\" placeholder=\"Votre nom\" value=\"\" type=\"text\" name=\"text-231\" \/><\/span>\n\t<\/div><!-- \/.form-one__control form-one__control--full -->\n\t<div class=\"form-one__control form-one__control--full\">\n<span class=\"wpcf7-form-control-wrap\" data-name=\"email-456\"><input size=\"40\" maxlength=\"400\" class=\"wpcf7-form-control wpcf7-email wpcf7-validates-as-required wpcf7-text wpcf7-validates-as-email\" aria-required=\"true\" aria-invalid=\"false\" placeholder=\"Votre email\" value=\"\" type=\"email\" name=\"email-456\" \/><\/span>\n\t<\/div><!-- \/.form-one__control form-one__control--full -->\n\t<div class=\"form-one__control form-one__control--full\">\n<span class=\"wpcf7-form-control-wrap\" data-name=\"menu-262\"><select class=\"wpcf7-form-control wpcf7-select selectpicker\" aria-invalid=\"false\" name=\"menu-262\"><option value=\"Choisir\">Choisir<\/option><option value=\"Pose de carrelage\">Pose de carrelage<\/option><option value=\"Pose de fa\u00efence\">Pose de fa\u00efence<\/option><option value=\"R\u00e9novation de salle de bain\">R\u00e9novation de salle de bain<\/option><option value=\"R\u00e9paration et entretien de carrelage\">R\u00e9paration et entretien de carrelage<\/option><option value=\"Conseils en choix de mat\u00e9riaux\">Conseils en choix de mat\u00e9riaux<\/option><\/select><\/span>\n\t<\/div><!-- \/.form-one__control form-one__control--full -->\n\t<div class=\"form-one__control form-one__control--mesgae form-one__control--full\">\n<span class=\"wpcf7-form-control-wrap\" data-name=\"textarea-323\"><textarea cols=\"40\" rows=\"10\" maxlength=\"2000\" class=\"wpcf7-form-control wpcf7-textarea wpcf7-validates-as-required\" aria-required=\"true\" aria-invalid=\"false\" placeholder=\"Votre message\" name=\"textarea-323\"><\/textarea><\/span>\n\t<\/div><!-- \/.form-one__control -->\n\t<div class=\"form-one__control form-one__control--full\">\n\t\t<button type=\"submit\" class=\"floens-btn\">\n\t\t\t<span>envoyer <\/span>\n\t\t\t<i class=\"icon-right-arrow\"><\/i>\n\t\t<\/button>\n\t<\/div><!-- \/.form-one__control -->\n<\/div><!-- \/.form-one__group --><div class=\"wpcf7-response-output\" aria-hidden=\"true\"><\/div>\n<\/form>\n<\/div>\t\t\t\t\t<\/div>\r\n\t\t\t\t<\/div><!-- \/.col-xl-6 -->\r\n\t\t\t<\/div><!-- \/.row -->\r\n\t\t<\/div><!-- \/.container -->\r\n\t\t\t\t\t<img decoding=\"async\" src=\"https:\/\/bracketweb.com\/floenswp\/wp-content\/uploads\/2024\/01\/contact-1-1.jpg\" alt=\"Jimmy Art carrelage\" class=\"contact-one__image-one wow fadeInLeft\" data-wow-duration=\"1500ms\" data-wow-delay=\"00ms\">\r\n\t\t\t\t\t\t\t<img decoding=\"async\" src=\"https:\/\/bracketweb.com\/floenswp\/wp-content\/uploads\/2024\/01\/contact-1-2.jpg\" alt=\"Jimmy Art carrelage\" class=\"contact-one__image-two wow fadeInRight\" data-wow-duration=\"1500ms\" data-wow-delay=\"00ms\">\r\n\t\t\t<\/section><!-- \/.contact-one section-space -->\r\n\t<!-- contact end -->\r\n\r\n\t\t\t\t<\/div>\n\t\t\t\t<\/div>\n\t\t\t\t<\/div>\n\t\t\t\t<\/div>\n\t\t\t\t<\/div>\n\t\t","protected":false},"excerpt":{"rendered":"<p>Pose de carrelage Pose de fa\u00efence R\u00e9novation de salle de bain R\u00e9paration et entretien de carrelage Conseils en choix de mat\u00e9riaux LUN-VEN 8:00-19:00 0768726945 R\u00e9novation de Salle de Bain : Transformez Votre Espace en un Havre de Bien-\u00eatre Votre salle de bain m\u00e9rite d\u2019\u00eatre un lieu de d\u00e9tente et de confort, \u00e0 l\u2019image de vos [&hellip;]<\/p>\n","protected":false},"author":1,"featured_media":0,"parent":0,"menu_order":0,"comment_status":"closed","ping_status":"closed","template":"elementor_header_footer","meta":{"footnotes":""},"class_list":["post-271","page","type-page","status-publish","hentry"],"_links":{"self":[{"href":"https:\/\/j-artcarrelage.com\/index.php?rest_route=\/wp\/v2\/pages\/271","targetHints":{"allow":["GET"]}}],"collection":[{"href":"https:\/\/j-artcarrelage.com\/index.php?rest_route=\/wp\/v2\/pages"}],"about":[{"href":"https:\/\/j-artcarrelage.com\/index.php?rest_route=\/wp\/v2\/types\/page"}],"author":[{"embeddable":true,"href":"https:\/\/j-artcarrelage.com\/index.php?rest_route=\/wp\/v2\/users\/1"}],"replies":[{"embeddable":true,"href":"https:\/\/j-artcarrelage.com\/index.php?rest_route=%2Fwp%2Fv2%2Fcomments&post=271"}],"version-history":[{"count":0,"href":"https:\/\/j-artcarrelage.com\/index.php?rest_route=\/wp\/v2\/pages\/271\/revisions"}],"wp:attachment":[{"href":"https:\/\/j-artcarrelage.com\/index.php?rest_route=%2Fwp%2Fv2%2Fmedia&parent=271"}],"curies":[{"name":"wp","href":"https:\/\/api.w.org\/{rel}","templated":true}]}}