{"id":72,"date":"2024-01-09T16:50:53","date_gmt":"2024-01-09T16:50:53","guid":{"rendered":"http:\/\/floens-demo-new.local\/?page_id=72"},"modified":"2024-10-29T13:49:20","modified_gmt":"2024-10-29T12:49:20","slug":"contact","status":"publish","type":"page","link":"https:\/\/j-artcarrelage.com\/?page_id=72","title":{"rendered":"Contact"},"content":{"rendered":"\t\t<div data-elementor-type=\"wp-page\" data-elementor-id=\"72\" class=\"elementor elementor-72\">\n\t\t\t\t<div class=\"elementor-element elementor-element-4b42f278 e-con-full e-flex e-con e-parent\" data-id=\"4b42f278\" data-element_type=\"container\" data-e-type=\"container\">\n\t\t<div class=\"elementor-element elementor-element-13f2a90 e-con-full e-flex e-con e-child\" data-id=\"13f2a90\" data-element_type=\"container\" data-e-type=\"container\">\n\t\t<div class=\"elementor-element elementor-element-24b13d3 e-con-full e-flex e-con e-child\" data-id=\"24b13d3\" data-element_type=\"container\" data-e-type=\"container\">\n\t\t\t\t<div class=\"elementor-element elementor-element-3b0ea61 elementor-widget elementor-widget-floens-contact-form\" data-id=\"3b0ea61\" data-element_type=\"widget\" data-e-type=\"widget\" data-widget_type=\"floens-contact-form.default\">\n\t\t\t\t<div class=\"elementor-widget-container\">\n\t\t\t\t\t\t<!-- contact end -->\r\n\t<section class=\"contact-one section-space\">\r\n\t\t<div class=\"contact-one__bg\" style=\"background-image: url(https:\/\/bracketweb.com\/floenswp\/wp-content\/uploads\/2024\/01\/contact-bg-1.png);\"><\/div><!-- \/.contact-one__bg -->\r\n\t\t<div class=\"container\">\r\n\t\t\t<div class=\"row gutter-y-40\">\r\n\t\t\t\t<div class=\"col-lg-6\">\r\n\t\t\t\t\t<div class=\"contact-one__content\">\r\n\t\t\t\t\t\t<div class=\"sec-title sec-title--border\">\r\n\t\t\t\t\t\t\t<h6 class=\"sec-title__tagline\">contact<\/h6><h3 class=\"sec-title__title\">Contactez-nous <\/h3>\t\t\t\t\t\t<\/div><!-- \/.sec-title -->\r\n\t\t\t\t\t\t<p class=\"contact-one__text\">Besoin d\u2019informations ou d\u2019un devis personnalis\u00e9 ? Remplissez le formulaire ci-dessous, et notre \u00e9quipe vous r\u00e9pondra dans les plus brefs d\u00e9lais !<\/p>\t\t\t\t\t\t<div class=\"contact-one__info wow fadeInUp\" data-wow-duration=\"1500ms\" data-wow-delay=\"00ms\">\r\n\t\t\t\t\t\t\t<div class=\"contact-one__info__bg\" style=\"background-image: url(https:\/\/bracketweb.com\/floenswp\/wp-content\/uploads\/2024\/01\/contact-info-bg.png);\"><\/div><!-- \/.contact-one__info__bg -->\r\n\t\t\t\t\t\t\t<div class=\"contact-one__info__content\">\r\n\t\t\t\t\t\t\t\t\t\t\t\t\t\t\t\t\t<div class=\"contact-one__info__item\">\r\n\t\t\t\t\t\t\t\t\t\t<div class=\"contact-one__info__item__inner\">\r\n\t\t\t\t\t\t\t\t\t\t\t<div class=\"contact-one__info__icon\">\r\n\t\t\t\t\t\t\t\t\t\t\t\t<span aria-hidden=\"true\" class=\"  icon-phone-call\"><\/span>\t\t\t\t\t\t\t\t\t\t\t<\/div><!-- \/.contact-one__info__icon -->\r\n\t\t\t\t\t\t\t\t\t\t\t<p class=\"contact-one__info__text\">\r\n\t\t\t\t\t\t\t\t\t\t\t\t<a href=\"tel:0768726945\">0768726945 <\/a>\t\t\t\t\t\t\t\t\t\t\t<\/p><!-- \/.contact-one__info__text -->\r\n\t\t\t\t\t\t\t\t\t\t<\/div><!-- \/.contact-one__info__item__inner -->\r\n\t\t\t\t\t\t\t\t\t<\/div><!-- \/.contact-one__info__item -->\r\n\t\t\t\t\t\t\t\t\t\t\t\t\t\t\t\t\t<div class=\"contact-one__info__item\">\r\n\t\t\t\t\t\t\t\t\t\t<div class=\"contact-one__info__item__inner\">\r\n\t\t\t\t\t\t\t\t\t\t\t<div class=\"contact-one__info__icon\">\r\n\t\t\t\t\t\t\t\t\t\t\t\t<span aria-hidden=\"true\" class=\"   icon-paper-plane\"><\/span>\t\t\t\t\t\t\t\t\t\t\t<\/div><!-- \/.contact-one__info__icon -->\r\n\t\t\t\t\t\t\t\t\t\t\t<p class=\"contact-one__info__text\">\r\n\t\t\t\t\t\t\t\t\t\t\t\t<a href=\"mailto:contact@j-artcarrelage.com\">contact@j-artcarrelage.com<\/a>\t\t\t\t\t\t\t\t\t\t\t<\/p><!-- \/.contact-one__info__text -->\r\n\t\t\t\t\t\t\t\t\t\t<\/div><!-- \/.contact-one__info__item__inner -->\r\n\t\t\t\t\t\t\t\t\t<\/div><!-- \/.contact-one__info__item -->\r\n\t\t\t\t\t\t\t\t\t\t\t\t\t\t\t\t\t<div class=\"contact-one__info__item\">\r\n\t\t\t\t\t\t\t\t\t\t<div class=\"contact-one__info__item__inner\">\r\n\t\t\t\t\t\t\t\t\t\t\t<div class=\"contact-one__info__icon\">\r\n\t\t\t\t\t\t\t\t\t\t\t\t<span aria-hidden=\"true\" class=\"   icon-location\"><\/span>\t\t\t\t\t\t\t\t\t\t\t<\/div><!-- \/.contact-one__info__icon -->\r\n\t\t\t\t\t\t\t\t\t\t\t<p class=\"contact-one__info__text\">\r\n\t\t\t\t\t\t\t\t\t\t\t\t<a href=\"https:\/\/www.google.com\/maps\/@23.506657,90.3443647,7z?entry=ttu\">8 rue auguste isaac 69200 V\u00e9nissieux<\/a>\t\t\t\t\t\t\t\t\t\t\t<\/p><!-- \/.contact-one__info__text -->\r\n\t\t\t\t\t\t\t\t\t\t<\/div><!-- \/.contact-one__info__item__inner -->\r\n\t\t\t\t\t\t\t\t\t<\/div><!-- \/.contact-one__info__item -->\r\n\t\t\t\t\t\t\t\t\t\t\t\t\t\t\t<\/div><!-- \/.contact-one__info__content -->\r\n\t\t\t\t\t\t\t<img decoding=\"async\" src=\"https:\/\/j-artcarrelage.com\/wp-content\/uploads\/2024\/01\/contact-shape-1-1.png\" alt=\"contact-shape-1-1\" title=\"contact-shape-1-1\" class=\"contact-one__info__image\" >\t\t\t\t\t\t<\/div><!-- \/.contact-one__info -->\r\n\t\t\t\t\t<\/div><!-- \/.contact-one__content -->\r\n\t\t\t\t<\/div><!-- \/.col-xl-6 -->\r\n\t\t\t\t<div class=\"col-lg-6\">\r\n\t\t\t\t\t<div class=\"contact-one__form contact-form-validated form-one wow fadeInUp\" data-wow-duration=\"1500ms\" data-wow-delay=\"200ms\">\r\n\t\t\t\t\t\t<div class=\"contact-one__form__bg\" style=\"background-image: url();\"><\/div><!-- \/.contact-one__form__bg -->\r\n\t\t\t\t\t\t<div class=\"contact-one__form__top\">\r\n\t\t\t\t\t\t\t<h2 class=\"contact-one__form__title\">Vous souhaitez \u00eatre recontact\u00e9 rapidement ?<\/h2>\t\t\t\t\t\t<\/div><!-- \/.contact-one__form__top -->\r\n\t\t\t\t\t\t<div class=\"wpcf7 no-js\" id=\"wpcf7-f46-o1\" lang=\"en-US\" dir=\"ltr\" data-wpcf7-id=\"46\">\n<div class=\"screen-reader-response\"><p role=\"status\" aria-live=\"polite\" aria-atomic=\"true\"><\/p> <ul><\/ul><\/div>\n<form action=\"\/index.php?rest_route=%2Fwp%2Fv2%2Fpages%2F72#wpcf7-f46-o1\" method=\"post\" class=\"wpcf7-form init\" aria-label=\"Contact form\" novalidate=\"novalidate\" data-status=\"init\">\n<fieldset class=\"hidden-fields-container\"><input type=\"hidden\" name=\"_wpcf7\" value=\"46\" \/><input type=\"hidden\" name=\"_wpcf7_version\" value=\"6.1.5\" \/><input type=\"hidden\" name=\"_wpcf7_locale\" value=\"en_US\" \/><input type=\"hidden\" name=\"_wpcf7_unit_tag\" value=\"wpcf7-f46-o1\" \/><input type=\"hidden\" name=\"_wpcf7_container_post\" value=\"0\" \/><input type=\"hidden\" name=\"_wpcf7_posted_data_hash\" value=\"\" \/>\n<\/fieldset>\n<div class=\"form-one__group form-one__group--grid\">\n    <div class=\"form-one__control form-one__control--input form-one__control--full\">\n<span class=\"wpcf7-form-control-wrap\" data-name=\"text-231\"><input size=\"40\" maxlength=\"400\" class=\"wpcf7-form-control wpcf7-text wpcf7-validates-as-required\" aria-required=\"true\" aria-invalid=\"false\" placeholder=\"Votre nom\" value=\"\" type=\"text\" name=\"text-231\" \/><\/span>\n\t<\/div><!-- \/.form-one__control form-one__control--full -->\n\t<div class=\"form-one__control form-one__control--full\">\n<span class=\"wpcf7-form-control-wrap\" data-name=\"email-456\"><input size=\"40\" maxlength=\"400\" class=\"wpcf7-form-control wpcf7-email wpcf7-validates-as-required wpcf7-text wpcf7-validates-as-email\" aria-required=\"true\" aria-invalid=\"false\" placeholder=\"Votre email\" value=\"\" type=\"email\" name=\"email-456\" \/><\/span>\n\t<\/div><!-- \/.form-one__control form-one__control--full -->\n\t<div class=\"form-one__control form-one__control--full\">\n<span class=\"wpcf7-form-control-wrap\" data-name=\"menu-262\"><select class=\"wpcf7-form-control wpcf7-select selectpicker\" aria-invalid=\"false\" name=\"menu-262\"><option value=\"Choisir\">Choisir<\/option><option value=\"Pose de carrelage\">Pose de carrelage<\/option><option value=\"Pose de fa\u00efence\">Pose de fa\u00efence<\/option><option value=\"R\u00e9novation de salle de bain\">R\u00e9novation de salle de bain<\/option><option value=\"R\u00e9paration et entretien de carrelage\">R\u00e9paration et entretien de carrelage<\/option><option value=\"Conseils en choix de mat\u00e9riaux\">Conseils en choix de mat\u00e9riaux<\/option><\/select><\/span>\n\t<\/div><!-- \/.form-one__control form-one__control--full -->\n\t<div class=\"form-one__control form-one__control--mesgae form-one__control--full\">\n<span class=\"wpcf7-form-control-wrap\" data-name=\"textarea-323\"><textarea cols=\"40\" rows=\"10\" maxlength=\"2000\" class=\"wpcf7-form-control wpcf7-textarea wpcf7-validates-as-required\" aria-required=\"true\" aria-invalid=\"false\" placeholder=\"Votre message\" name=\"textarea-323\"><\/textarea><\/span>\n\t<\/div><!-- \/.form-one__control -->\n\t<div class=\"form-one__control form-one__control--full\">\n\t\t<button type=\"submit\" class=\"floens-btn\">\n\t\t\t<span>envoyer <\/span>\n\t\t\t<i class=\"icon-right-arrow\"><\/i>\n\t\t<\/button>\n\t<\/div><!-- \/.form-one__control -->\n<\/div><!-- \/.form-one__group --><div class=\"wpcf7-response-output\" aria-hidden=\"true\"><\/div>\n<\/form>\n<\/div>\t\t\t\t\t<\/div>\r\n\t\t\t\t<\/div><!-- \/.col-xl-6 -->\r\n\t\t\t<\/div><!-- \/.row -->\r\n\t\t<\/div><!-- \/.container -->\r\n\t\t\t\t\t<img decoding=\"async\" src=\"https:\/\/bracketweb.com\/floenswp\/wp-content\/uploads\/2024\/01\/contact-1-1.jpg\" alt=\"Jimmy Art carrelage\" class=\"contact-one__image-one wow fadeInLeft\" data-wow-duration=\"1500ms\" data-wow-delay=\"00ms\">\r\n\t\t\t\t\t\t\t<img decoding=\"async\" src=\"https:\/\/bracketweb.com\/floenswp\/wp-content\/uploads\/2024\/01\/contact-1-2.jpg\" alt=\"Jimmy Art carrelage\" class=\"contact-one__image-two wow fadeInRight\" data-wow-duration=\"1500ms\" data-wow-delay=\"00ms\">\r\n\t\t\t<\/section><!-- \/.contact-one section-space -->\r\n\t<!-- contact end -->\r\n\r\n\t\t\t\t<\/div>\n\t\t\t\t<\/div>\n\t\t\t\t<\/div>\n\t\t\t\t<\/div>\n\t\t\t\t<\/div>\n\t\t<div class=\"elementor-element elementor-element-e9f5df7 e-con-full e-flex e-con e-parent\" data-id=\"e9f5df7\" data-element_type=\"container\" data-e-type=\"container\">\n\t\t\t\t<div class=\"elementor-element elementor-element-540411f elementor-widget elementor-widget-floens-google-maps\" data-id=\"540411f\" data-element_type=\"widget\" data-e-type=\"widget\" data-widget_type=\"floens-google-maps.default\">\n\t\t\t\t<div class=\"elementor-widget-container\">\n\t\t\t\t\t\t\t<!--Google Map Two Start-->\r\n\t<section class=\"contact-map\">\r\n\t\t<div class=\"container-fluid\">\r\n\t\t\t<div class=\"google-map google-map__contact\">\r\n\t\t\t\t<iframe src=\"https:\/\/maps.google.com\/maps?q=8%20rue%20auguste%20isaac%2069200%20V%C3%A9nissieux&#038;t=m&#038;z=10&#038;output=embed&#038;iwloc=near\" title=\"8 rue auguste isaac 69200 V\u00e9nissieux\" class=\"template google map\" aria-label=\"8 rue auguste isaac 69200 V\u00e9nissieux\" allowfullscreen><\/iframe>\r\n\t\t\t<\/div>\r\n\t\t<\/div>\r\n\t<\/section>\r\n\t<!--Google Map Two End-->\r\n\r\n\t\t\t\t<\/div>\n\t\t\t\t<\/div>\n\t\t\t\t<\/div>\n\t\t\t\t<\/div>\n\t\t","protected":false},"excerpt":{"rendered":"<p>contact Contactez-nous Besoin d\u2019informations ou d\u2019un devis personnalis\u00e9 ? Remplissez le formulaire ci-dessous, et notre \u00e9quipe vous r\u00e9pondra dans les plus brefs d\u00e9lais ! 0768726945 contact@j-artcarrelage.com 8 rue auguste isaac 69200 V\u00e9nissieux Vous souhaitez \u00eatre recontact\u00e9 rapidement ? Choose serviceTiling &amp; concreteIndustrial FlooringVinyl PlankCarpets &amp; rugsOak FlooringVein Patterns send message<\/p>\n","protected":false},"author":1,"featured_media":0,"parent":0,"menu_order":0,"comment_status":"closed","ping_status":"closed","template":"elementor_header_footer","meta":{"footnotes":""},"class_list":["post-72","page","type-page","status-publish","hentry"],"_links":{"self":[{"href":"https:\/\/j-artcarrelage.com\/index.php?rest_route=\/wp\/v2\/pages\/72","targetHints":{"allow":["GET"]}}],"collection":[{"href":"https:\/\/j-artcarrelage.com\/index.php?rest_route=\/wp\/v2\/pages"}],"about":[{"href":"https:\/\/j-artcarrelage.com\/index.php?rest_route=\/wp\/v2\/types\/page"}],"author":[{"embeddable":true,"href":"https:\/\/j-artcarrelage.com\/index.php?rest_route=\/wp\/v2\/users\/1"}],"replies":[{"embeddable":true,"href":"https:\/\/j-artcarrelage.com\/index.php?rest_route=%2Fwp%2Fv2%2Fcomments&post=72"}],"version-history":[{"count":0,"href":"https:\/\/j-artcarrelage.com\/index.php?rest_route=\/wp\/v2\/pages\/72\/revisions"}],"wp:attachment":[{"href":"https:\/\/j-artcarrelage.com\/index.php?rest_route=%2Fwp%2Fv2%2Fmedia&parent=72"}],"curies":[{"name":"wp","href":"https:\/\/api.w.org\/{rel}","templated":true}]}}