{"id":75,"date":"2024-01-09T16:51:49","date_gmt":"2024-01-09T16:51:49","guid":{"rendered":"http:\/\/floens-demo-new.local\/?page_id=75"},"modified":"2024-11-26T01:14:34","modified_gmt":"2024-11-26T00:14:34","slug":"about","status":"publish","type":"page","link":"https:\/\/j-artcarrelage.com\/?page_id=75","title":{"rendered":"\u00c0 propos"},"content":{"rendered":"\t\t<div data-elementor-type=\"wp-page\" data-elementor-id=\"75\" class=\"elementor elementor-75\">\n\t\t\t\t<div class=\"elementor-element elementor-element-992052e e-con-full e-flex e-con e-parent\" data-id=\"992052e\" data-element_type=\"container\" data-e-type=\"container\">\n\t\t\t\t<div class=\"elementor-element elementor-element-eb3260f elementor-widget elementor-widget-floens-reliable\" data-id=\"eb3260f\" data-element_type=\"widget\" data-e-type=\"widget\" data-widget_type=\"floens-reliable.default\">\n\t\t\t\t<div class=\"elementor-widget-container\">\n\t\t\t\t\t\r\n    <!-- reliable start -->\r\n    <section class=\"reliable-one reliable-one--home section-space-bottom\">\r\n        <div class=\"container\">\r\n            <div class=\"row gutter-y-60\">\r\n                <div class=\"col-lg-6\">\r\n                    <div class=\"reliable-one__content\">\r\n                        <div class=\"sec-title sec-title--border\">\r\n                            <h6 class=\"sec-title__tagline\">\u00c0 PROPOS<\/h6><h3 class=\"sec-title__title\">Carrelage de Qualit\u00e9 : Notre Passion, Votre Style<\/h3>                        <\/div><!-- \/.sec-title -->\r\n                        <p class=\"reliable-one__text\">Tout au long du processus, nous restons disponibles pour r\u00e9pondre \u00e0 vos questions et vous informer de l\u2019avancement des travaux. Chez J-art carrelage, nous avons \u00e0 c\u0153ur de transformer vos id\u00e9es en r\u00e9alisations solides et esth\u00e9tiques.<\/p>                        <div class=\"row align-items-center gutter-y-30\">\r\n                                                    <\/div><!-- \/.row -->\r\n                                                    <a href=\"https:\/\/j-artcarrelage.com\/?page_id=72\"  class=\"floens-btn reliable-one__btn\">\r\n                                <span>Contactez-Nous<\/span>\r\n                                <i class=\"icon-right-arrow\"><\/i>\r\n                            <\/a><!-- \/.floens-btn reliable-one__btn -->\r\n                                            <\/div><!-- \/.reliable-one__content -->\r\n                <\/div><!-- \/.col-lg-6 -->\r\n                <div class=\"col-lg-6 wow fadeInRight\" data-wow-duration=\"1500ms\">\r\n                    <div class=\"reliable-one__images\">\r\n                        <div class=\"reliable-one__image\">\r\n                            <img decoding=\"async\" src=\"https:\/\/j-artcarrelage.com\/wp-content\/uploads\/2024\/10\/sdb-jimmy.png\" alt=\"sdb-jimmy\" title=\"sdb-jimmy\" class=\"reliable-one__image__one\" >                            <div class=\"reliable-one__image__inner\">\r\n                                <img decoding=\"async\" src=\"https:\/\/j-artcarrelage.com\/wp-content\/uploads\/2024\/10\/carrelage-cuisine-saint-maclou-1_6111469.webp\" alt=\"carrelage-cuisine-saint-maclou-1_6111469\" title=\"carrelage-cuisine-saint-maclou-1_6111469\" class=\"reliable-one__image__two\" >                            <\/div><!-- \/.reliable-one__image__inner -->\r\n                            <div class=\"experience reliable-one__experience\">\r\n                                <div class=\"experience__inner\">\r\n                                    <h3 class=\"experience__year\" style=\"background-image: url(https:\/\/bracketweb.com\/floenswp\/wp-content\/uploads\/2024\/01\/reliable-shape-1-1.png);\">20                                    <\/h3>\r\n                                    <!-- \/.experience__year -->\r\n                                    <p class=\"experience__text\"> Ann\u00e9es <br> d'exp\u00e9rience<\/p>\r\n                                    <!-- \/.experience__text -->\r\n                                <\/div><!-- \/.experience__inner -->\r\n                            <\/div><!-- \/.experience -->\r\n                        <\/div><!-- \/.reliable-one__image -->\r\n                    <\/div><!-- \/.reliable-one__images -->\r\n                <\/div><!-- \/.col-lg-6 -->\r\n            <\/div><!-- \/.row -->\r\n        <\/div><!-- \/.container -->\r\n    <\/section><!-- \/.reliable-one section-space-bottom -->\r\n    <!-- reliable end -->\r\n\r\n\r\n    <!-- About End -->\r\n\r\n\t\t\t\t<\/div>\n\t\t\t\t<\/div>\n\t\t\t\t<\/div>\n\t\t<div class=\"elementor-element elementor-element-4e2b164c e-con-full e-flex e-con e-parent\" data-id=\"4e2b164c\" data-element_type=\"container\" data-e-type=\"container\">\n\t\t<div class=\"elementor-element elementor-element-0b23b13 e-con-full e-flex e-con e-child\" data-id=\"0b23b13\" data-element_type=\"container\" data-e-type=\"container\" data-settings=\"{&quot;background_background&quot;:&quot;classic&quot;}\">\n\t\t\t\t<div class=\"elementor-element elementor-element-08af0aa elementor-widget elementor-widget-floens-about\" data-id=\"08af0aa\" data-element_type=\"widget\" data-e-type=\"widget\" data-widget_type=\"floens-about.default\">\n\t\t\t\t<div class=\"elementor-widget-container\">\n\t\t\t\t\t\r\n\t<!-- about start -->\r\n\t<section class=\"about-two section-space\">\r\n\t\t<div class=\"about-two__bg\" style=\"background-image: url(https:\/\/j-artcarrelage.comwp-content\/uploads\/2024\/01\/work-process-bg-1.png);\"><\/div>\r\n\t\t<!-- \/.about-two__bg -->\r\n\t\t<div class=\"container\">\r\n\t\t\t<div class=\"row gutter-y-60\">\r\n\t\t\t\t<div class=\"col-lg-6 wow fadeInLeft\" data-wow-duration=\"1500ms\" data-wow-delay=\"00ms\">\r\n\t\t\t\t\t<div class=\"about-two__image\">\r\n\t\t\t\t\t\t<div class=\"about-two__image__inner\">\r\n\t\t\t\t\t\t\t<img decoding=\"async\" src=\"https:\/\/j-artcarrelage.com\/wp-content\/uploads\/2024\/01\/about-2-1.jpg\" alt=\"about-2-1\" title=\"about-2-1\" class=\"about-two__image__one\" >\t\t\t\t\t\t\t<div class=\"about-two__image__inner__inner\">\r\n\t\t\t\t\t\t\t\t<img decoding=\"async\" src=\"https:\/\/j-artcarrelage.com\/wp-content\/uploads\/2024\/01\/about-2-2.jpg\" alt=\"about-2-2\" title=\"about-2-2\" class=\"about-two__image__two\" >\t\t\t\t\t\t\t<\/div><!-- \/.about-two__image__inner__inner -->\r\n\t\t\t\t\t\t\t<div class=\"experience about-two__experience\">\r\n\t\t\t\t\t\t\t\t<div class=\"experience__inner\">\r\n\t\t\t\t\t\t\t\t\t<h3 class=\"experience__year\" style=\"background-image: url(https:\/\/bracketweb.com\/floenswp\/wp-content\/uploads\/2024\/01\/reliable-shape-1-1-1.png);\">20\t\t\t\t\t\t\t\t\t<\/h3>\r\n\t\t\t\t\t\t\t\t\t<!-- \/.experience__year -->\r\n\t\t\t\t\t\t\t\t\t<p class=\"experience__text\"> ann\u00e9es<br>\nd'exp\u00e9rience<\/p>\r\n\t\t\t\t\t\t\t\t\t<!-- \/.experience__text -->\r\n\t\t\t\t\t\t\t\t<\/div><!-- \/.experience__inner -->\r\n\t\t\t\t\t\t\t<\/div><!-- \/.experience -->\r\n\t\t\t\t\t\t<\/div><!-- \/.about-two__image__inner -->\r\n\t\t\t\t\t<\/div><!-- \/.about-two__image-grid -->\r\n\t\t\t\t<\/div><!-- \/.col-lg-6 -->\r\n\t\t\t\t<div class=\"col-lg-6\">\r\n\t\t\t\t\t<div class=\"about-two__content\">\r\n\t\t\t\t\t\t<div class=\"sec-title sec-title--border\">\r\n\t\t\t\t\t\t\t<h3 class=\"sec-title__title\">Un Accompagnement Tout au Long de Votre Projet\n\n<\/h3>\t\t\t\t\t\t<\/div><!-- \/.sec-title -->\r\n\r\n\r\n\t\t\t\t\t\t<div class=\"about-two__content__text wow fadeInUp\" data-wow-duration=\"1500ms\" data-wow-delay=\"00ms\">\r\n\t\t\t\t\t\t\t<p class=\"about-two__text\">Tout au long du processus, nous restons disponibles pour r\u00e9pondre \u00e0 vos questions et vous informer de l\u2019avancement des travaux. Chez Jimmy-art carrelage, nous avons \u00e0 c\u0153ur de transformer vos id\u00e9es en r\u00e9alisations solides et esth\u00e9tiques.<\/p>\t\t\t\t\t\t\t<!-- \/.about-two__text-title -->\r\n\t\t\t\t\t\t<\/div><!-- \/.about-two__content__text -->\r\n\t\t\t\t\t\t<div class=\"about-two__list wow fadeInUp\" data-wow-duration=\"1500ms\" data-wow-delay=\"100ms\">\r\n\t\t\t\t\t\t\t\t\t\t\t\t\t<\/div><!-- \/.about-two__list -->\r\n\t\t\t\t\t\t\t\t\t\t\t\t\t<div class=\"about-two__button wow fadeInUp\" data-wow-duration=\"1500ms\" data-wow-delay=\"200ms\">\r\n\t\t\t\t\t\t\t\t<a href=\"https:\/\/j-artcarrelage.com\/?page_id=72\"  class=\"floens-btn\">\r\n\t\t\t\t\t\t\t\t\t<span>DEMANDEZ UN DEVIS GRATUIT<\/span>\r\n\t\t\t\t\t\t\t\t\t<i aria-hidden=\"true\" class=\"icon-right-arrow\"><\/i>\t\t\t\t\t\t\t\t<\/a><!-- \/.floens-btn -->\r\n\t\t\t\t\t\t\t<\/div><!-- \/.about-two__button -->\r\n\t\t\t\t\t\t\t\t\t\t\t<\/div><!-- \/.about-two__content -->\r\n\t\t\t\t<\/div><!-- \/.col-lg-6 -->\r\n\t\t\t<\/div><!-- \/.row -->\r\n\t\t<\/div><!-- \/.container -->\r\n\t<\/section><!-- \/.about-two section-space -->\r\n\t<!-- about end -->\r\n\t<!-- About End -->\r\n\t\t\t\t<\/div>\n\t\t\t\t<\/div>\n\t\t\t\t<\/div>\n\t\t\t\t<\/div>\n\t\t\t\t<\/div>\n\t\t","protected":false},"excerpt":{"rendered":"<p>\u00c0 PROPOS Carrelage de Qualit\u00e9 : Notre Passion, Votre Style Tout au long du processus, nous restons disponibles pour r\u00e9pondre \u00e0 vos questions et vous informer de l\u2019avancement des travaux. Chez J-art carrelage, nous avons \u00e0 c\u0153ur de transformer vos id\u00e9es en r\u00e9alisations solides et esth\u00e9tiques. Contactez-Nous 20 Ann\u00e9es d&rsquo;exp\u00e9rience 20 ann\u00e9es d&rsquo;exp\u00e9rience Un Accompagnement [&hellip;]<\/p>\n","protected":false},"author":1,"featured_media":0,"parent":0,"menu_order":0,"comment_status":"closed","ping_status":"closed","template":"elementor_header_footer","meta":{"footnotes":""},"class_list":["post-75","page","type-page","status-publish","hentry"],"_links":{"self":[{"href":"https:\/\/j-artcarrelage.com\/index.php?rest_route=\/wp\/v2\/pages\/75","targetHints":{"allow":["GET"]}}],"collection":[{"href":"https:\/\/j-artcarrelage.com\/index.php?rest_route=\/wp\/v2\/pages"}],"about":[{"href":"https:\/\/j-artcarrelage.com\/index.php?rest_route=\/wp\/v2\/types\/page"}],"author":[{"embeddable":true,"href":"https:\/\/j-artcarrelage.com\/index.php?rest_route=\/wp\/v2\/users\/1"}],"replies":[{"embeddable":true,"href":"https:\/\/j-artcarrelage.com\/index.php?rest_route=%2Fwp%2Fv2%2Fcomments&post=75"}],"version-history":[{"count":6,"href":"https:\/\/j-artcarrelage.com\/index.php?rest_route=\/wp\/v2\/pages\/75\/revisions"}],"predecessor-version":[{"id":2821,"href":"https:\/\/j-artcarrelage.com\/index.php?rest_route=\/wp\/v2\/pages\/75\/revisions\/2821"}],"wp:attachment":[{"href":"https:\/\/j-artcarrelage.com\/index.php?rest_route=%2Fwp%2Fv2%2Fmedia&parent=75"}],"curies":[{"name":"wp","href":"https:\/\/api.w.org\/{rel}","templated":true}]}}